{"id":136,"date":"2024-12-11T03:47:59","date_gmt":"2024-12-11T02:47:59","guid":{"rendered":"https:\/\/corinnesachot.com\/website\/?page_id=136"},"modified":"2024-12-20T13:48:08","modified_gmt":"2024-12-20T12:48:08","slug":"mentions-legales","status":"publish","type":"page","link":"https:\/\/corinnesachot.com\/en\/mentions-legales\/","title":{"rendered":"Legal Notice"},"content":{"rendered":"<p><strong>Legal Notice<\/strong><br \/>\nThe website www.corinnesachot.com is managed by CSAI ARCHITECTURE D\u2019INTERIEUR, SARL, registered with the Paris Trade and Companies Register under SIREN number 902 942 994. Intra-Community VAT: FR10 902 942 994<br \/>\nAddress: 49 Rue Boissonade, 75014 Paris, France<br \/>\nFor inquiries, email: <a href=\"mailto:contact@corinnesachot.com\">contact@corinnesachot.com<\/a><br \/>\nPublishing Director: Corinne Sachot<br \/>\nCopyright and Trademarks: All images, texts, and content on this site are protected by intellectual property rights and may not be reproduced or distributed without prior authorization. All rights reserved.<br \/>\nHosting: OVH<\/p>","protected":false},"excerpt":{"rendered":"<p>Legal Notice The website www.corinnesachot.com is managed by CSAI ARCHITECTURE D\u2019INTERIEUR, SARL, registered with the Paris Trade and Companies Register under SIREN number 902 942 994. Intra-Community VAT: FR10 902 942 994 Address: 49 Rue Boissonade, 75014 Paris, France For inquiries, email: contact@corinnesachot.com Publishing Director: Corinne Sachot Copyright and Trademarks: All images, texts, and content [&hellip;]<\/p>\n","protected":false},"author":1,"featured_media":0,"parent":0,"menu_order":4,"comment_status":"closed","ping_status":"closed","template":"page-CREDITS-MENTIONS.php","meta":{"_acf_changed":false,"footnotes":""},"class_list":["post-136","page","type-page","status-publish","hentry"],"acf":[],"yoast_head":"<!-- This site is optimized with the Yoast SEO plugin v27.4 - https:\/\/yoast.com\/product\/yoast-seo-wordpress\/ -->\n<title>Legal Notice - Corinne Sachot<\/title>\n<meta name=\"robots\" content=\"index, follow, max-snippet:-1, max-image-preview:large, max-video-preview:-1\" \/>\n<link rel=\"canonical\" href=\"https:\/\/corinnesachot.com\/en\/mentions-legales\/\" \/>\n<meta property=\"og:locale\" content=\"en_US\" \/>\n<meta property=\"og:type\" content=\"article\" \/>\n<meta property=\"og:title\" content=\"Legal Notice - Corinne Sachot\" \/>\n<meta property=\"og:description\" content=\"Legal Notice The website www.corinnesachot.com is managed by CSAI ARCHITECTURE D\u2019INTERIEUR, SARL, registered with the Paris Trade and Companies Register under SIREN number 902 942 994. Intra-Community VAT: FR10 902 942 994 Address: 49 Rue Boissonade, 75014 Paris, France For inquiries, email: contact@corinnesachot.com Publishing Director: Corinne Sachot Copyright and Trademarks: All images, texts, and content [&hellip;]\" \/>\n<meta property=\"og:url\" content=\"https:\/\/corinnesachot.com\/en\/mentions-legales\/\" \/>\n<meta property=\"og:site_name\" content=\"Corinne Sachot\" \/>\n<meta property=\"article:modified_time\" content=\"2024-12-20T12:48:08+00:00\" \/>\n<meta name=\"twitter:card\" content=\"summary_large_image\" \/>\n<meta name=\"twitter:label1\" content=\"Est. reading time\" \/>\n\t<meta name=\"twitter:data1\" content=\"1 minute\" \/>\n<script type=\"application\/ld+json\" class=\"yoast-schema-graph\">{\"@context\":\"https:\\\/\\\/schema.org\",\"@graph\":[{\"@type\":\"WebPage\",\"@id\":\"https:\\\/\\\/corinnesachot.com\\\/en\\\/mentions-legales\\\/\",\"url\":\"https:\\\/\\\/corinnesachot.com\\\/en\\\/mentions-legales\\\/\",\"name\":\"Legal Notice - Corinne Sachot\",\"isPartOf\":{\"@id\":\"https:\\\/\\\/corinnesachot.com\\\/en\\\/#website\"},\"datePublished\":\"2024-12-11T02:47:59+00:00\",\"dateModified\":\"2024-12-20T12:48:08+00:00\",\"breadcrumb\":{\"@id\":\"https:\\\/\\\/corinnesachot.com\\\/en\\\/mentions-legales\\\/#breadcrumb\"},\"inLanguage\":\"en-US\",\"potentialAction\":[{\"@type\":\"ReadAction\",\"target\":[[\"https:\\\/\\\/corinnesachot.com\\\/en\\\/mentions-legales\\\/\"]]}]},{\"@type\":\"BreadcrumbList\",\"@id\":\"https:\\\/\\\/corinnesachot.com\\\/en\\\/mentions-legales\\\/#breadcrumb\",\"itemListElement\":[{\"@type\":\"ListItem\",\"position\":1,\"name\":\"Accueil\",\"item\":\"https:\\\/\\\/corinnesachot.com\\\/en\\\/\"},{\"@type\":\"ListItem\",\"position\":2,\"name\":\"Mentions l\u00e9gales\"}]},{\"@type\":\"WebSite\",\"@id\":\"https:\\\/\\\/corinnesachot.com\\\/en\\\/#website\",\"url\":\"https:\\\/\\\/corinnesachot.com\\\/en\\\/\",\"name\":\"Corinne Sachot\",\"description\":\"[:fr]Art de la m\u00e9tamorphose et savoir-faire : Corinne Sachot cr\u00e9e des d\u00e9cors dans les espaces qui lui sont confi\u00e9s, et leur redonne vie. \u00c0 chaque lieu son histoire.[:en]Art of metamorphosis and French savoir-faire: interior architect Corinne Sachot elevates the spaces she transforms, breathing new life into them. Every place has its story.[:]\",\"potentialAction\":[{\"@type\":\"SearchAction\",\"target\":{\"@type\":\"EntryPoint\",\"urlTemplate\":\"https:\\\/\\\/corinnesachot.com\\\/en\\\/?s={search_term_string}\"},\"query-input\":{\"@type\":\"PropertyValueSpecification\",\"valueRequired\":true,\"valueName\":\"search_term_string\"}}],\"inLanguage\":\"en-US\"}]}<\/script>\n<!-- \/ Yoast SEO plugin. -->","yoast_head_json":{"title":"Legal Notice - Corinne Sachot","robots":{"index":"index","follow":"follow","max-snippet":"max-snippet:-1","max-image-preview":"max-image-preview:large","max-video-preview":"max-video-preview:-1"},"canonical":"https:\/\/corinnesachot.com\/en\/mentions-legales\/","og_locale":"en_US","og_type":"article","og_title":"Legal Notice - Corinne Sachot","og_description":"Legal Notice The website www.corinnesachot.com is managed by CSAI ARCHITECTURE D\u2019INTERIEUR, SARL, registered with the Paris Trade and Companies Register under SIREN number 902 942 994. Intra-Community VAT: FR10 902 942 994 Address: 49 Rue Boissonade, 75014 Paris, France For inquiries, email: contact@corinnesachot.com Publishing Director: Corinne Sachot Copyright and Trademarks: All images, texts, and content [&hellip;]","og_url":"https:\/\/corinnesachot.com\/en\/mentions-legales\/","og_site_name":"Corinne Sachot","article_modified_time":"2024-12-20T12:48:08+00:00","twitter_card":"summary_large_image","twitter_misc":{"Est. reading time":"1 minute"},"schema":{"@context":"https:\/\/schema.org","@graph":[{"@type":"WebPage","@id":"https:\/\/corinnesachot.com\/en\/mentions-legales\/","url":"https:\/\/corinnesachot.com\/en\/mentions-legales\/","name":"Legal Notice - Corinne Sachot","isPartOf":{"@id":"https:\/\/corinnesachot.com\/en\/#website"},"datePublished":"2024-12-11T02:47:59+00:00","dateModified":"2024-12-20T12:48:08+00:00","breadcrumb":{"@id":"https:\/\/corinnesachot.com\/en\/mentions-legales\/#breadcrumb"},"inLanguage":"en-US","potentialAction":[{"@type":"ReadAction","target":[["https:\/\/corinnesachot.com\/en\/mentions-legales\/"]]}]},{"@type":"BreadcrumbList","@id":"https:\/\/corinnesachot.com\/en\/mentions-legales\/#breadcrumb","itemListElement":[{"@type":"ListItem","position":1,"name":"Accueil","item":"https:\/\/corinnesachot.com\/en\/"},{"@type":"ListItem","position":2,"name":"Mentions l\u00e9gales"}]},{"@type":"WebSite","@id":"https:\/\/corinnesachot.com\/en\/#website","url":"https:\/\/corinnesachot.com\/en\/","name":"Corinne Sachot","description":"[:fr]Art de la m\u00e9tamorphose et savoir-faire : Corinne Sachot cr\u00e9e des d\u00e9cors dans les espaces qui lui sont confi\u00e9s, et leur redonne vie. \u00c0 chaque lieu son histoire.[:en]Art of metamorphosis and French savoir-faire: interior architect Corinne Sachot elevates the spaces she transforms, breathing new life into them. Every place has its story.[:]","potentialAction":[{"@type":"SearchAction","target":{"@type":"EntryPoint","urlTemplate":"https:\/\/corinnesachot.com\/en\/?s={search_term_string}"},"query-input":{"@type":"PropertyValueSpecification","valueRequired":true,"valueName":"search_term_string"}}],"inLanguage":"en-US"}]}},"_links":{"self":[{"href":"https:\/\/corinnesachot.com\/en\/wp-json\/wp\/v2\/pages\/136","targetHints":{"allow":["GET"]}}],"collection":[{"href":"https:\/\/corinnesachot.com\/en\/wp-json\/wp\/v2\/pages"}],"about":[{"href":"https:\/\/corinnesachot.com\/en\/wp-json\/wp\/v2\/types\/page"}],"author":[{"embeddable":true,"href":"https:\/\/corinnesachot.com\/en\/wp-json\/wp\/v2\/users\/1"}],"replies":[{"embeddable":true,"href":"https:\/\/corinnesachot.com\/en\/wp-json\/wp\/v2\/comments?post=136"}],"version-history":[{"count":6,"href":"https:\/\/corinnesachot.com\/en\/wp-json\/wp\/v2\/pages\/136\/revisions"}],"predecessor-version":[{"id":264,"href":"https:\/\/corinnesachot.com\/en\/wp-json\/wp\/v2\/pages\/136\/revisions\/264"}],"wp:attachment":[{"href":"https:\/\/corinnesachot.com\/en\/wp-json\/wp\/v2\/media?parent=136"}],"curies":[{"name":"wp","href":"https:\/\/api.w.org\/{rel}","templated":true}]}}