{"id":134,"date":"2024-12-11T03:47:42","date_gmt":"2024-12-11T02:47:42","guid":{"rendered":"https:\/\/corinnesachot.com\/website\/?page_id=134"},"modified":"2024-12-21T03:13:19","modified_gmt":"2024-12-21T02:13:19","slug":"credits","status":"publish","type":"page","link":"https:\/\/corinnesachot.com\/en\/credits\/","title":{"rendered":"Credits"},"content":{"rendered":"<p><strong>Credits<\/strong><br \/>\nPhotographs: <a href=\"https:\/\/www.matthieusalvaing.com\/\" target=\"_blank\" rel=\"noopener\">Matthieu Salvaing<\/a><br \/>\nExcept for Coco Op\u00e9ra de Paris \u2013 Photographs: <a href=\"http:\/\/www.romainricard.com\/\" target=\"_blank\" rel=\"noopener\">Romain Ricard<\/a><br \/>\nArt Direction &amp; Graphic Design: <a href=\"https:\/\/fouinzanardi.com\/\" target=\"_blank\" rel=\"noopener\">Studio Fouinzanardi<\/a><br \/>\nEditorial Strategy &amp; Copywriting: <a href=\"https:\/\/marynoelledana.wordpress.com\/\" target=\"_blank\" rel=\"noopener\">Mary Noelle Dana<\/a><br \/>\nDevelopment: <a href=\"https:\/\/mattieumoreaudomecq.com\/\" target=\"_blank\" rel=\"noopener\">Mattieu Moreau Domecq<\/a><\/p>","protected":false},"excerpt":{"rendered":"<p>Credits Photographs: Matthieu Salvaing Except for Coco Op\u00e9ra de Paris \u2013 Photographs: Romain Ricard Art Direction &amp; Graphic Design: Studio Fouinzanardi Editorial Strategy &amp; Copywriting: Mary Noelle Dana Development: Mattieu Moreau Domecq<\/p>\n","protected":false},"author":1,"featured_media":0,"parent":0,"menu_order":3,"comment_status":"closed","ping_status":"closed","template":"page-CREDITS-MENTIONS.php","meta":{"_acf_changed":false,"footnotes":""},"class_list":["post-134","page","type-page","status-publish","hentry"],"acf":[],"yoast_head":"<!-- This site is optimized with the Yoast SEO plugin v27.4 - https:\/\/yoast.com\/product\/yoast-seo-wordpress\/ -->\n<title>Credits - Corinne Sachot<\/title>\n<meta name=\"robots\" content=\"index, follow, max-snippet:-1, max-image-preview:large, max-video-preview:-1\" \/>\n<link rel=\"canonical\" href=\"https:\/\/corinnesachot.com\/en\/credits\/\" \/>\n<meta property=\"og:locale\" content=\"en_US\" \/>\n<meta property=\"og:type\" content=\"article\" \/>\n<meta property=\"og:title\" content=\"Credits - Corinne Sachot\" \/>\n<meta property=\"og:description\" content=\"Credits Photographs: Matthieu Salvaing Except for Coco Op\u00e9ra de Paris \u2013 Photographs: Romain Ricard Art Direction &amp; Graphic Design: Studio Fouinzanardi Editorial Strategy &amp; Copywriting: Mary Noelle Dana Development: Mattieu Moreau Domecq\" \/>\n<meta property=\"og:url\" content=\"https:\/\/corinnesachot.com\/en\/credits\/\" \/>\n<meta property=\"og:site_name\" content=\"Corinne Sachot\" \/>\n<meta property=\"article:modified_time\" content=\"2024-12-21T02:13:19+00:00\" \/>\n<meta name=\"twitter:card\" content=\"summary_large_image\" \/>\n<meta name=\"twitter:label1\" content=\"Est. reading time\" \/>\n\t<meta name=\"twitter:data1\" content=\"1 minute\" \/>\n<script type=\"application\/ld+json\" class=\"yoast-schema-graph\">{\"@context\":\"https:\\\/\\\/schema.org\",\"@graph\":[{\"@type\":\"WebPage\",\"@id\":\"https:\\\/\\\/corinnesachot.com\\\/en\\\/credits\\\/\",\"url\":\"https:\\\/\\\/corinnesachot.com\\\/en\\\/credits\\\/\",\"name\":\"Credits - Corinne Sachot\",\"isPartOf\":{\"@id\":\"https:\\\/\\\/corinnesachot.com\\\/en\\\/#website\"},\"datePublished\":\"2024-12-11T02:47:42+00:00\",\"dateModified\":\"2024-12-21T02:13:19+00:00\",\"breadcrumb\":{\"@id\":\"https:\\\/\\\/corinnesachot.com\\\/en\\\/credits\\\/#breadcrumb\"},\"inLanguage\":\"en-US\",\"potentialAction\":[{\"@type\":\"ReadAction\",\"target\":[[\"https:\\\/\\\/corinnesachot.com\\\/en\\\/credits\\\/\"]]}]},{\"@type\":\"BreadcrumbList\",\"@id\":\"https:\\\/\\\/corinnesachot.com\\\/en\\\/credits\\\/#breadcrumb\",\"itemListElement\":[{\"@type\":\"ListItem\",\"position\":1,\"name\":\"Accueil\",\"item\":\"https:\\\/\\\/corinnesachot.com\\\/en\\\/\"},{\"@type\":\"ListItem\",\"position\":2,\"name\":\"Cr\u00e9dits\"}]},{\"@type\":\"WebSite\",\"@id\":\"https:\\\/\\\/corinnesachot.com\\\/en\\\/#website\",\"url\":\"https:\\\/\\\/corinnesachot.com\\\/en\\\/\",\"name\":\"Corinne Sachot\",\"description\":\"[:fr]Art de la m\u00e9tamorphose et savoir-faire : Corinne Sachot cr\u00e9e des d\u00e9cors dans les espaces qui lui sont confi\u00e9s, et leur redonne vie. \u00c0 chaque lieu son histoire.[:en]Art of metamorphosis and French savoir-faire: interior architect Corinne Sachot elevates the spaces she transforms, breathing new life into them. Every place has its story.[:]\",\"potentialAction\":[{\"@type\":\"SearchAction\",\"target\":{\"@type\":\"EntryPoint\",\"urlTemplate\":\"https:\\\/\\\/corinnesachot.com\\\/en\\\/?s={search_term_string}\"},\"query-input\":{\"@type\":\"PropertyValueSpecification\",\"valueRequired\":true,\"valueName\":\"search_term_string\"}}],\"inLanguage\":\"en-US\"}]}<\/script>\n<!-- \/ Yoast SEO plugin. -->","yoast_head_json":{"title":"Credits - Corinne Sachot","robots":{"index":"index","follow":"follow","max-snippet":"max-snippet:-1","max-image-preview":"max-image-preview:large","max-video-preview":"max-video-preview:-1"},"canonical":"https:\/\/corinnesachot.com\/en\/credits\/","og_locale":"en_US","og_type":"article","og_title":"Credits - Corinne Sachot","og_description":"Credits Photographs: Matthieu Salvaing Except for Coco Op\u00e9ra de Paris \u2013 Photographs: Romain Ricard Art Direction &amp; Graphic Design: Studio Fouinzanardi Editorial Strategy &amp; Copywriting: Mary Noelle Dana Development: Mattieu Moreau Domecq","og_url":"https:\/\/corinnesachot.com\/en\/credits\/","og_site_name":"Corinne Sachot","article_modified_time":"2024-12-21T02:13:19+00:00","twitter_card":"summary_large_image","twitter_misc":{"Est. reading time":"1 minute"},"schema":{"@context":"https:\/\/schema.org","@graph":[{"@type":"WebPage","@id":"https:\/\/corinnesachot.com\/en\/credits\/","url":"https:\/\/corinnesachot.com\/en\/credits\/","name":"Credits - Corinne Sachot","isPartOf":{"@id":"https:\/\/corinnesachot.com\/en\/#website"},"datePublished":"2024-12-11T02:47:42+00:00","dateModified":"2024-12-21T02:13:19+00:00","breadcrumb":{"@id":"https:\/\/corinnesachot.com\/en\/credits\/#breadcrumb"},"inLanguage":"en-US","potentialAction":[{"@type":"ReadAction","target":[["https:\/\/corinnesachot.com\/en\/credits\/"]]}]},{"@type":"BreadcrumbList","@id":"https:\/\/corinnesachot.com\/en\/credits\/#breadcrumb","itemListElement":[{"@type":"ListItem","position":1,"name":"Accueil","item":"https:\/\/corinnesachot.com\/en\/"},{"@type":"ListItem","position":2,"name":"Cr\u00e9dits"}]},{"@type":"WebSite","@id":"https:\/\/corinnesachot.com\/en\/#website","url":"https:\/\/corinnesachot.com\/en\/","name":"Corinne Sachot","description":"[:fr]Art de la m\u00e9tamorphose et savoir-faire : Corinne Sachot cr\u00e9e des d\u00e9cors dans les espaces qui lui sont confi\u00e9s, et leur redonne vie. \u00c0 chaque lieu son histoire.[:en]Art of metamorphosis and French savoir-faire: interior architect Corinne Sachot elevates the spaces she transforms, breathing new life into them. Every place has its story.[:]","potentialAction":[{"@type":"SearchAction","target":{"@type":"EntryPoint","urlTemplate":"https:\/\/corinnesachot.com\/en\/?s={search_term_string}"},"query-input":{"@type":"PropertyValueSpecification","valueRequired":true,"valueName":"search_term_string"}}],"inLanguage":"en-US"}]}},"_links":{"self":[{"href":"https:\/\/corinnesachot.com\/en\/wp-json\/wp\/v2\/pages\/134","targetHints":{"allow":["GET"]}}],"collection":[{"href":"https:\/\/corinnesachot.com\/en\/wp-json\/wp\/v2\/pages"}],"about":[{"href":"https:\/\/corinnesachot.com\/en\/wp-json\/wp\/v2\/types\/page"}],"author":[{"embeddable":true,"href":"https:\/\/corinnesachot.com\/en\/wp-json\/wp\/v2\/users\/1"}],"replies":[{"embeddable":true,"href":"https:\/\/corinnesachot.com\/en\/wp-json\/wp\/v2\/comments?post=134"}],"version-history":[{"count":11,"href":"https:\/\/corinnesachot.com\/en\/wp-json\/wp\/v2\/pages\/134\/revisions"}],"predecessor-version":[{"id":265,"href":"https:\/\/corinnesachot.com\/en\/wp-json\/wp\/v2\/pages\/134\/revisions\/265"}],"wp:attachment":[{"href":"https:\/\/corinnesachot.com\/en\/wp-json\/wp\/v2\/media?parent=134"}],"curies":[{"name":"wp","href":"https:\/\/api.w.org\/{rel}","templated":true}]}}