{"id":121,"date":"2024-12-11T02:44:49","date_gmt":"2024-12-11T01:44:49","guid":{"rendered":"https:\/\/corinnesachot.com\/website\/?page_id=121"},"modified":"2025-01-08T08:14:25","modified_gmt":"2025-01-08T07:14:25","slug":"presse","status":"publish","type":"page","link":"https:\/\/corinnesachot.com\/en\/presse\/","title":{"rendered":"Press"},"content":{"rendered":"","protected":false},"excerpt":{"rendered":"","protected":false},"author":1,"featured_media":0,"parent":0,"menu_order":2,"comment_status":"closed","ping_status":"closed","template":"page-PRESSE.php","meta":{"_acf_changed":false,"footnotes":""},"class_list":["post-121","page","type-page","status-publish","hentry"],"acf":[],"yoast_head":"<!-- This site is optimized with the Yoast SEO plugin v27.4 - https:\/\/yoast.com\/product\/yoast-seo-wordpress\/ -->\n<title>Press - Corinne Sachot<\/title>\n<meta name=\"robots\" content=\"index, follow, max-snippet:-1, max-image-preview:large, max-video-preview:-1\" \/>\n<link rel=\"canonical\" href=\"https:\/\/corinnesachot.com\/en\/presse\/\" \/>\n<meta property=\"og:locale\" content=\"en_US\" \/>\n<meta property=\"og:type\" content=\"article\" \/>\n<meta property=\"og:title\" content=\"Press - Corinne Sachot\" \/>\n<meta property=\"og:url\" content=\"https:\/\/corinnesachot.com\/en\/presse\/\" \/>\n<meta property=\"og:site_name\" content=\"Corinne Sachot\" \/>\n<meta property=\"article:modified_time\" content=\"2025-01-08T07:14:25+00:00\" \/>\n<meta name=\"twitter:card\" content=\"summary_large_image\" \/>\n<script type=\"application\/ld+json\" class=\"yoast-schema-graph\">{\"@context\":\"https:\\\/\\\/schema.org\",\"@graph\":[{\"@type\":\"WebPage\",\"@id\":\"https:\\\/\\\/corinnesachot.com\\\/en\\\/presse\\\/\",\"url\":\"https:\\\/\\\/corinnesachot.com\\\/en\\\/presse\\\/\",\"name\":\"Press - Corinne Sachot\",\"isPartOf\":{\"@id\":\"https:\\\/\\\/corinnesachot.com\\\/en\\\/#website\"},\"datePublished\":\"2024-12-11T01:44:49+00:00\",\"dateModified\":\"2025-01-08T07:14:25+00:00\",\"breadcrumb\":{\"@id\":\"https:\\\/\\\/corinnesachot.com\\\/en\\\/presse\\\/#breadcrumb\"},\"inLanguage\":\"en-US\",\"potentialAction\":[{\"@type\":\"ReadAction\",\"target\":[[\"https:\\\/\\\/corinnesachot.com\\\/en\\\/presse\\\/\"]]}]},{\"@type\":\"BreadcrumbList\",\"@id\":\"https:\\\/\\\/corinnesachot.com\\\/en\\\/presse\\\/#breadcrumb\",\"itemListElement\":[{\"@type\":\"ListItem\",\"position\":1,\"name\":\"Accueil\",\"item\":\"https:\\\/\\\/corinnesachot.com\\\/en\\\/\"},{\"@type\":\"ListItem\",\"position\":2,\"name\":\"Presse\"}]},{\"@type\":\"WebSite\",\"@id\":\"https:\\\/\\\/corinnesachot.com\\\/en\\\/#website\",\"url\":\"https:\\\/\\\/corinnesachot.com\\\/en\\\/\",\"name\":\"Corinne Sachot\",\"description\":\"[:fr]Art de la m\u00e9tamorphose et savoir-faire : Corinne Sachot cr\u00e9e des d\u00e9cors dans les espaces qui lui sont confi\u00e9s, et leur redonne vie. \u00c0 chaque lieu son histoire.[:en]Art of metamorphosis and French savoir-faire: interior architect Corinne Sachot elevates the spaces she transforms, breathing new life into them. Every place has its story.[:]\",\"potentialAction\":[{\"@type\":\"SearchAction\",\"target\":{\"@type\":\"EntryPoint\",\"urlTemplate\":\"https:\\\/\\\/corinnesachot.com\\\/en\\\/?s={search_term_string}\"},\"query-input\":{\"@type\":\"PropertyValueSpecification\",\"valueRequired\":true,\"valueName\":\"search_term_string\"}}],\"inLanguage\":\"en-US\"}]}<\/script>\n<!-- \/ Yoast SEO plugin. -->","yoast_head_json":{"title":"Press - Corinne Sachot","robots":{"index":"index","follow":"follow","max-snippet":"max-snippet:-1","max-image-preview":"max-image-preview:large","max-video-preview":"max-video-preview:-1"},"canonical":"https:\/\/corinnesachot.com\/en\/presse\/","og_locale":"en_US","og_type":"article","og_title":"Press - Corinne Sachot","og_url":"https:\/\/corinnesachot.com\/en\/presse\/","og_site_name":"Corinne Sachot","article_modified_time":"2025-01-08T07:14:25+00:00","twitter_card":"summary_large_image","schema":{"@context":"https:\/\/schema.org","@graph":[{"@type":"WebPage","@id":"https:\/\/corinnesachot.com\/en\/presse\/","url":"https:\/\/corinnesachot.com\/en\/presse\/","name":"Press - Corinne Sachot","isPartOf":{"@id":"https:\/\/corinnesachot.com\/en\/#website"},"datePublished":"2024-12-11T01:44:49+00:00","dateModified":"2025-01-08T07:14:25+00:00","breadcrumb":{"@id":"https:\/\/corinnesachot.com\/en\/presse\/#breadcrumb"},"inLanguage":"en-US","potentialAction":[{"@type":"ReadAction","target":[["https:\/\/corinnesachot.com\/en\/presse\/"]]}]},{"@type":"BreadcrumbList","@id":"https:\/\/corinnesachot.com\/en\/presse\/#breadcrumb","itemListElement":[{"@type":"ListItem","position":1,"name":"Accueil","item":"https:\/\/corinnesachot.com\/en\/"},{"@type":"ListItem","position":2,"name":"Presse"}]},{"@type":"WebSite","@id":"https:\/\/corinnesachot.com\/en\/#website","url":"https:\/\/corinnesachot.com\/en\/","name":"Corinne Sachot","description":"[:fr]Art de la m\u00e9tamorphose et savoir-faire : Corinne Sachot cr\u00e9e des d\u00e9cors dans les espaces qui lui sont confi\u00e9s, et leur redonne vie. \u00c0 chaque lieu son histoire.[:en]Art of metamorphosis and French savoir-faire: interior architect Corinne Sachot elevates the spaces she transforms, breathing new life into them. Every place has its story.[:]","potentialAction":[{"@type":"SearchAction","target":{"@type":"EntryPoint","urlTemplate":"https:\/\/corinnesachot.com\/en\/?s={search_term_string}"},"query-input":{"@type":"PropertyValueSpecification","valueRequired":true,"valueName":"search_term_string"}}],"inLanguage":"en-US"}]}},"_links":{"self":[{"href":"https:\/\/corinnesachot.com\/en\/wp-json\/wp\/v2\/pages\/121","targetHints":{"allow":["GET"]}}],"collection":[{"href":"https:\/\/corinnesachot.com\/en\/wp-json\/wp\/v2\/pages"}],"about":[{"href":"https:\/\/corinnesachot.com\/en\/wp-json\/wp\/v2\/types\/page"}],"author":[{"embeddable":true,"href":"https:\/\/corinnesachot.com\/en\/wp-json\/wp\/v2\/users\/1"}],"replies":[{"embeddable":true,"href":"https:\/\/corinnesachot.com\/en\/wp-json\/wp\/v2\/comments?post=121"}],"version-history":[{"count":5,"href":"https:\/\/corinnesachot.com\/en\/wp-json\/wp\/v2\/pages\/121\/revisions"}],"predecessor-version":[{"id":269,"href":"https:\/\/corinnesachot.com\/en\/wp-json\/wp\/v2\/pages\/121\/revisions\/269"}],"wp:attachment":[{"href":"https:\/\/corinnesachot.com\/en\/wp-json\/wp\/v2\/media?parent=121"}],"curies":[{"name":"wp","href":"https:\/\/api.w.org\/{rel}","templated":true}]}}