{"id":10,"date":"2024-11-18T17:37:47","date_gmt":"2024-11-18T16:37:47","guid":{"rendered":"https:\/\/corinnesachot.com\/website\/?page_id=10"},"modified":"2024-12-17T09:04:25","modified_gmt":"2024-12-17T08:04:25","slug":"a-propos","status":"publish","type":"page","link":"https:\/\/corinnesachot.com\/en\/a-propos\/","title":{"rendered":"About"},"content":{"rendered":"<p>Approach interior design as a human connection: an alchemy of desires and proposals, dreams and creation.<br \/>\nElevate the art of transformation into a unique savoir-faire.<br \/>\nHonor each location\u2019s history and past while offering it a new life.<br \/>\nUnderstand its authentic identity, respecting its original character to better reveal it.<br \/>\nInitiate a dialogue between the old and the modern.<br \/>\nUncover what is hidden and magnify what exists to create living spaces, places of memory, places imbued with soul.<br \/>\nAchieve the delicate balance of enhancing without distorting.<br \/>\nCollaborate with artisans, creators, and experts whose commitment to excellence and respect for heritage resonates with our own values.<br \/>\nImbue every detail with nuanced, discreet luxury, with thoughtful proportions, and evoke emotion in every room.<br \/>\nWrite a new chapter, as if creating a work destined to transcend time.<br \/>\nAllow the intimate and the universal to meet, to capture fragments of our collective unconscious, awakening memories, and creating new ones.<\/p>\n<p>Every Place Has Its Story.<br \/>\nCorinne Sachot<\/p>","protected":false},"excerpt":{"rendered":"<p>Approach interior design as a human connection: an alchemy of desires and proposals, dreams and creation. Elevate the art of transformation into a unique savoir-faire. Honor each location\u2019s history and past while offering it a new life. Understand its authentic identity, respecting its original character to better reveal it. Initiate a dialogue between the old [&hellip;]<\/p>\n","protected":false},"author":1,"featured_media":223,"parent":0,"menu_order":1,"comment_status":"closed","ping_status":"closed","template":"page-A_PROPOS.php","meta":{"_acf_changed":false,"footnotes":""},"class_list":["post-10","page","type-page","status-publish","has-post-thumbnail","hentry"],"acf":[],"yoast_head":"<!-- This site is optimized with the Yoast SEO plugin v27.4 - https:\/\/yoast.com\/product\/yoast-seo-wordpress\/ -->\n<title>About - Corinne Sachot<\/title>\n<meta name=\"robots\" content=\"index, follow, max-snippet:-1, max-image-preview:large, max-video-preview:-1\" \/>\n<link rel=\"canonical\" href=\"https:\/\/corinnesachot.com\/en\/a-propos\/\" \/>\n<meta property=\"og:locale\" content=\"en_US\" \/>\n<meta property=\"og:type\" content=\"article\" \/>\n<meta property=\"og:title\" content=\"About - Corinne Sachot\" \/>\n<meta property=\"og:description\" content=\"Approach interior design as a human connection: an alchemy of desires and proposals, dreams and creation. Elevate the art of transformation into a unique savoir-faire. Honor each location\u2019s history and past while offering it a new life. Understand its authentic identity, respecting its original character to better reveal it. Initiate a dialogue between the old [&hellip;]\" \/>\n<meta property=\"og:url\" content=\"https:\/\/corinnesachot.com\/en\/a-propos\/\" \/>\n<meta property=\"og:site_name\" content=\"Corinne Sachot\" \/>\n<meta property=\"article:modified_time\" content=\"2024-12-17T08:04:25+00:00\" \/>\n<meta property=\"og:image\" content=\"https:\/\/corinnesachot.com\/website\/wp-content\/uploads\/2024\/12\/1q4a0640-1-683x1024.jpg\" \/>\n\t<meta property=\"og:image:width\" content=\"683\" \/>\n\t<meta property=\"og:image:height\" content=\"1024\" \/>\n\t<meta property=\"og:image:type\" content=\"image\/jpeg\" \/>\n<meta name=\"twitter:card\" content=\"summary_large_image\" \/>\n<meta name=\"twitter:label1\" content=\"Est. reading time\" \/>\n\t<meta name=\"twitter:data1\" content=\"2 minutes\" \/>\n<script type=\"application\/ld+json\" class=\"yoast-schema-graph\">{\"@context\":\"https:\\\/\\\/schema.org\",\"@graph\":[{\"@type\":\"WebPage\",\"@id\":\"https:\\\/\\\/corinnesachot.com\\\/en\\\/a-propos\\\/\",\"url\":\"https:\\\/\\\/corinnesachot.com\\\/en\\\/a-propos\\\/\",\"name\":\"About - Corinne Sachot\",\"isPartOf\":{\"@id\":\"https:\\\/\\\/corinnesachot.com\\\/en\\\/#website\"},\"primaryImageOfPage\":{\"@id\":\"https:\\\/\\\/corinnesachot.com\\\/en\\\/a-propos\\\/#primaryimage\"},\"image\":{\"@id\":\"https:\\\/\\\/corinnesachot.com\\\/a-propos\\\/#primaryimage\"},\"thumbnailUrl\":\"https:\\\/\\\/corinnesachot.com\\\/website\\\/wp-content\\\/uploads\\\/2024\\\/12\\\/1q4a0640-1.jpg\",\"datePublished\":\"2024-11-18T16:37:47+00:00\",\"dateModified\":\"2024-12-17T08:04:25+00:00\",\"breadcrumb\":{\"@id\":\"https:\\\/\\\/corinnesachot.com\\\/en\\\/a-propos\\\/#breadcrumb\"},\"inLanguage\":\"en-US\",\"potentialAction\":[{\"@type\":\"ReadAction\",\"target\":[[\"https:\\\/\\\/corinnesachot.com\\\/en\\\/a-propos\\\/\"]]}]},{\"@type\":\"ImageObject\",\"inLanguage\":\"en-US\",\"@id\":\"https:\\\/\\\/corinnesachot.com\\\/en\\\/a-propos\\\/#primaryimage\",\"url\":\"https:\\\/\\\/corinnesachot.com\\\/website\\\/wp-content\\\/uploads\\\/2024\\\/12\\\/1q4a0640-1.jpg\",\"contentUrl\":\"https:\\\/\\\/corinnesachot.com\\\/website\\\/wp-content\\\/uploads\\\/2024\\\/12\\\/1q4a0640-1.jpg\",\"width\":1667,\"height\":2500},{\"@type\":\"BreadcrumbList\",\"@id\":\"https:\\\/\\\/corinnesachot.com\\\/en\\\/a-propos\\\/#breadcrumb\",\"itemListElement\":[{\"@type\":\"ListItem\",\"position\":1,\"name\":\"Accueil\",\"item\":\"https:\\\/\\\/corinnesachot.com\\\/en\\\/\"},{\"@type\":\"ListItem\",\"position\":2,\"name\":\"\u00c0 propos\"}]},{\"@type\":\"WebSite\",\"@id\":\"https:\\\/\\\/corinnesachot.com\\\/en\\\/#website\",\"url\":\"https:\\\/\\\/corinnesachot.com\\\/en\\\/\",\"name\":\"Corinne Sachot\",\"description\":\"[:fr]Art de la m\u00e9tamorphose et savoir-faire : Corinne Sachot cr\u00e9e des d\u00e9cors dans les espaces qui lui sont confi\u00e9s, et leur redonne vie. \u00c0 chaque lieu son histoire.[:en]Art of metamorphosis and French savoir-faire: interior architect Corinne Sachot elevates the spaces she transforms, breathing new life into them. Every place has its story.[:]\",\"potentialAction\":[{\"@type\":\"SearchAction\",\"target\":{\"@type\":\"EntryPoint\",\"urlTemplate\":\"https:\\\/\\\/corinnesachot.com\\\/en\\\/?s={search_term_string}\"},\"query-input\":{\"@type\":\"PropertyValueSpecification\",\"valueRequired\":true,\"valueName\":\"search_term_string\"}}],\"inLanguage\":\"en-US\"}]}<\/script>\n<!-- \/ Yoast SEO plugin. -->","yoast_head_json":{"title":"About - Corinne Sachot","robots":{"index":"index","follow":"follow","max-snippet":"max-snippet:-1","max-image-preview":"max-image-preview:large","max-video-preview":"max-video-preview:-1"},"canonical":"https:\/\/corinnesachot.com\/en\/a-propos\/","og_locale":"en_US","og_type":"article","og_title":"About - Corinne Sachot","og_description":"Approach interior design as a human connection: an alchemy of desires and proposals, dreams and creation. Elevate the art of transformation into a unique savoir-faire. Honor each location\u2019s history and past while offering it a new life. Understand its authentic identity, respecting its original character to better reveal it. Initiate a dialogue between the old [&hellip;]","og_url":"https:\/\/corinnesachot.com\/en\/a-propos\/","og_site_name":"Corinne Sachot","article_modified_time":"2024-12-17T08:04:25+00:00","og_image":[{"width":683,"height":1024,"url":"https:\/\/corinnesachot.com\/website\/wp-content\/uploads\/2024\/12\/1q4a0640-1-683x1024.jpg","type":"image\/jpeg"}],"twitter_card":"summary_large_image","twitter_misc":{"Est. reading time":"2 minutes"},"schema":{"@context":"https:\/\/schema.org","@graph":[{"@type":"WebPage","@id":"https:\/\/corinnesachot.com\/en\/a-propos\/","url":"https:\/\/corinnesachot.com\/en\/a-propos\/","name":"About - Corinne Sachot","isPartOf":{"@id":"https:\/\/corinnesachot.com\/en\/#website"},"primaryImageOfPage":{"@id":"https:\/\/corinnesachot.com\/en\/a-propos\/#primaryimage"},"image":{"@id":"https:\/\/corinnesachot.com\/a-propos\/#primaryimage"},"thumbnailUrl":"https:\/\/corinnesachot.com\/website\/wp-content\/uploads\/2024\/12\/1q4a0640-1.jpg","datePublished":"2024-11-18T16:37:47+00:00","dateModified":"2024-12-17T08:04:25+00:00","breadcrumb":{"@id":"https:\/\/corinnesachot.com\/en\/a-propos\/#breadcrumb"},"inLanguage":"en-US","potentialAction":[{"@type":"ReadAction","target":[["https:\/\/corinnesachot.com\/en\/a-propos\/"]]}]},{"@type":"ImageObject","inLanguage":"en-US","@id":"https:\/\/corinnesachot.com\/en\/a-propos\/#primaryimage","url":"https:\/\/corinnesachot.com\/website\/wp-content\/uploads\/2024\/12\/1q4a0640-1.jpg","contentUrl":"https:\/\/corinnesachot.com\/website\/wp-content\/uploads\/2024\/12\/1q4a0640-1.jpg","width":1667,"height":2500},{"@type":"BreadcrumbList","@id":"https:\/\/corinnesachot.com\/en\/a-propos\/#breadcrumb","itemListElement":[{"@type":"ListItem","position":1,"name":"Accueil","item":"https:\/\/corinnesachot.com\/en\/"},{"@type":"ListItem","position":2,"name":"\u00c0 propos"}]},{"@type":"WebSite","@id":"https:\/\/corinnesachot.com\/en\/#website","url":"https:\/\/corinnesachot.com\/en\/","name":"Corinne Sachot","description":"[:fr]Art de la m\u00e9tamorphose et savoir-faire : Corinne Sachot cr\u00e9e des d\u00e9cors dans les espaces qui lui sont confi\u00e9s, et leur redonne vie. \u00c0 chaque lieu son histoire.[:en]Art of metamorphosis and French savoir-faire: interior architect Corinne Sachot elevates the spaces she transforms, breathing new life into them. Every place has its story.[:]","potentialAction":[{"@type":"SearchAction","target":{"@type":"EntryPoint","urlTemplate":"https:\/\/corinnesachot.com\/en\/?s={search_term_string}"},"query-input":{"@type":"PropertyValueSpecification","valueRequired":true,"valueName":"search_term_string"}}],"inLanguage":"en-US"}]}},"_links":{"self":[{"href":"https:\/\/corinnesachot.com\/en\/wp-json\/wp\/v2\/pages\/10","targetHints":{"allow":["GET"]}}],"collection":[{"href":"https:\/\/corinnesachot.com\/en\/wp-json\/wp\/v2\/pages"}],"about":[{"href":"https:\/\/corinnesachot.com\/en\/wp-json\/wp\/v2\/types\/page"}],"author":[{"embeddable":true,"href":"https:\/\/corinnesachot.com\/en\/wp-json\/wp\/v2\/users\/1"}],"replies":[{"embeddable":true,"href":"https:\/\/corinnesachot.com\/en\/wp-json\/wp\/v2\/comments?post=10"}],"version-history":[{"count":5,"href":"https:\/\/corinnesachot.com\/en\/wp-json\/wp\/v2\/pages\/10\/revisions"}],"predecessor-version":[{"id":236,"href":"https:\/\/corinnesachot.com\/en\/wp-json\/wp\/v2\/pages\/10\/revisions\/236"}],"wp:featuredmedia":[{"embeddable":true,"href":"https:\/\/corinnesachot.com\/en\/wp-json\/wp\/v2\/media\/223"}],"wp:attachment":[{"href":"https:\/\/corinnesachot.com\/en\/wp-json\/wp\/v2\/media?parent=10"}],"curies":[{"name":"wp","href":"https:\/\/api.w.org\/{rel}","templated":true}]}}